{"id":960,"date":"2023-05-08T07:05:31","date_gmt":"2023-05-08T07:05:31","guid":{"rendered":"https:\/\/calabasashomes.es\/?page_id=960"},"modified":"2023-07-10T21:29:53","modified_gmt":"2023-07-10T21:29:53","slug":"legal-notice","status":"publish","type":"page","link":"https:\/\/calabasashomes.es\/en\/legal-notice\/","title":{"rendered":"Legal Notice"},"content":{"rendered":"\t\t<div data-elementor-type=\"wp-page\" data-elementor-id=\"960\" class=\"elementor elementor-960\">\n\t\t\t\t\t\t\t\t\t<section class=\"elementor-section elementor-top-section elementor-element elementor-element-87e7dfc elementor-section-boxed elementor-section-height-default elementor-section-height-default\" data-id=\"87e7dfc\" data-element_type=\"section\">\n\t\t\t\t\t\t<div class=\"elementor-container elementor-column-gap-default\">\n\t\t\t\t\t<div class=\"elementor-column elementor-col-100 elementor-top-column elementor-element elementor-element-9e46b1f\" data-id=\"9e46b1f\" data-element_type=\"column\">\n\t\t\t<div class=\"elementor-widget-wrap elementor-element-populated\">\n\t\t\t\t\t\t\t\t<div class=\"elementor-element elementor-element-17b7306 elementor-widget elementor-widget-text-editor\" data-id=\"17b7306\" data-element_type=\"widget\" data-widget_type=\"text-editor.default\">\n\t\t\t\t<div class=\"elementor-widget-container\">\n\t\t\t<style>\/*! elementor - v3.12.2 - 23-04-2023 *\/\n.elementor-widget-text-editor.elementor-drop-cap-view-stacked .elementor-drop-cap{background-color:#69727d;color:#fff}.elementor-widget-text-editor.elementor-drop-cap-view-framed .elementor-drop-cap{color:#69727d;border:3px solid;background-color:transparent}.elementor-widget-text-editor:not(.elementor-drop-cap-view-default) .elementor-drop-cap{margin-top:8px}.elementor-widget-text-editor:not(.elementor-drop-cap-view-default) .elementor-drop-cap-letter{width:1em;height:1em}.elementor-widget-text-editor .elementor-drop-cap{float:left;text-align:center;line-height:1;font-size:50px}.elementor-widget-text-editor .elementor-drop-cap-letter{display:inline-block}<\/style>\t\t\t\t<header class=\"text-center\"><p>LEGAL NOTICE AND GENERAL CONDITIONS OF USE<br \/>www.calabasashomes.es<br \/>I. GENERAL INFORMATION<\/p><p>In compliance with the duty of information provided in the Law 34\/2002 of Services of the Information Society and Electronic Commerce (LSSI-CE) of 11 July, the following general information data of this website are provided below:<\/p><p>The ownership of this website, www.calabasashomes.es, (hereinafter, Website) is held by: Construmax Ib\u00e9rica S.C.A, provided with NIF: F-93671402 and registered in: Registro de Sociedades Cooperativas Andaluzas de M\u00e1laga with the following registration data: Libro de Inscripci\u00f3n de Sociedades Cooperativas de la Delegaci\u00f3n Territorial de M\u00e1laga de la Consejer\u00eda de Empleo, Formaci\u00f3n y Trabajo Aut\u00f3nomo, whose representative is: Ricardo Garc\u00eda Mart\u00edn, and whose contact details are:<\/p><p>Address: Calle La Gitanilla 17, oficina 45. 29004, M\u00e1laga.<\/p><p>Contact telephone number: 659788646<\/p><p>Contact e-mail address:<\/p><p>II. GENERAL TERMS AND CONDITIONS OF USE<br \/>The object of the conditions: The Website<\/p><p>The purpose of these General Conditions of Use (hereinafter, Conditions) is to regulate access to and use of the Website. For the purposes of these Terms and Conditions, the Website shall be understood to mean: the external appearance of the screen interfaces, both static and dynamic, i.e. the navigation tree; and all the elements integrated both in the screen interfaces and in the navigation tree (hereinafter, Content) and all those online services or resources that may be offered to Users (hereinafter, Services).<\/p><p>reserves the right to modify, at any time and without prior notice, the presentation and configuration of the Website and the Content and Services that may be incorporated therein. The User acknowledges and accepts that at any time he\/she may interrupt, deactivate and\/or cancel any of these elements included in the Website or access to them.<\/p><p>Access to the Website by the User is free and, as a general rule, is free of charge, without the User having to provide any consideration in order to enjoy it, except for the cost of connection through the telecommunications network supplied by the access provider contracted by the User.<\/p><p>The use of any of the Contents or Services of the Website may be made by means of prior subscription or registration by the User.<\/p><p>The User<\/p><p>Access, browsing and use of the Website, as well as the spaces enabled for interaction between Users and the User, such as comments and\/or blogging spaces, confers the condition of User, and therefore, from the moment browsing the Website begins, all the Conditions established herein are accepted, as well as their subsequent modifications, without prejudice to the application of the corresponding legal regulations of obligatory compliance as the case may be. Given the relevance of the above, the User is recommended to read them every time he\/she visits the Website.<\/p><p>The Website provides a wide range of information, services and data. The User assumes responsibility for the correct use of the Website. This responsibility extends to:<\/p><p>A use of the information, Contents and\/or Services and data offered by without which is contrary to the provisions of these Conditions, the Law, morality or public order, or which in any other way may involve damage to the rights of third parties or the very functioning of the Website.<br \/>The veracity and legality of the information provided by the User on the forms provided for access to certain Contents or Services offered by the Website. In any case, the User shall immediately notify the Website about any event that allows the improper use of the information registered in said forms, such as, but not limited to, theft, loss, or unauthorised access to identifiers and\/or passwords, in order to proceed to their immediate cancellation.<\/p><p>reserves the right to remove all comments and contributions that violate the law, respect for the dignity of the person, that are discriminatory, xenophobic, racist, pornographic, spamming, that threaten youth or childhood, order or public safety or that, in its opinion, are not appropriate for publication.<\/p><p>In any case, it shall not be responsible for the opinions expressed by Users through comments or other blogging or participation tools that may exist.<\/p><p>Mere access to this Website does not imply the establishment of any type of commercial relationship between the User and the Website.<\/p><p>The User declares to be of legal age and to have sufficient legal capacity to be bound by these Conditions. Therefore, this Website is not intended for minors. declines any responsibility for non-compliance with this requirement.<\/p><\/header>\t\t\t\t\t\t<\/div>\n\t\t\t\t<\/div>\n\t\t\t\t\t<\/div>\n\t\t<\/div>\n\t\t\t\t\t\t\t<\/div>\n\t\t<\/section>\n\t\t\t\t\t\t\t<\/div>\n\t\t","protected":false},"excerpt":{"rendered":"<p>LEGAL NOTICE AND GENERAL CONDITIONS OF USEwww.calabasashomes.esI. GENERAL INFORMATION In compliance with the duty of information provided in the Law 34\/2002 of Services of the Information Society and Electronic Commerce (LSSI-CE) of 11 July, the following general information data of this website are provided below: The ownership of this website, www.calabasashomes.es, (hereinafter, Website) is held [&hellip;]<\/p>\n","protected":false},"author":1,"featured_media":0,"parent":0,"menu_order":0,"comment_status":"closed","ping_status":"closed","template":"","meta":{"footnotes":""},"class_list":["post-960","page","type-page","status-publish","hentry"],"acf":[],"yoast_head":"<!-- This site is optimized with the Yoast SEO plugin v20.8 - https:\/\/yoast.com\/wordpress\/plugins\/seo\/ -->\n<title>Legal Notice - Calabasas Home<\/title>\n<meta name=\"robots\" content=\"index, follow, max-snippet:-1, max-image-preview:large, max-video-preview:-1\" \/>\n<link rel=\"canonical\" href=\"https:\/\/calabasashomes.es\/en\/legal-notice\/\" \/>\n<meta property=\"og:locale\" content=\"en_US\" \/>\n<meta property=\"og:type\" content=\"article\" \/>\n<meta property=\"og:title\" content=\"Legal Notice - Calabasas Home\" \/>\n<meta property=\"og:description\" content=\"LEGAL NOTICE AND GENERAL CONDITIONS OF USEwww.calabasashomes.esI. GENERAL INFORMATION In compliance with the duty of information provided in the Law 34\/2002 of Services of the Information Society and Electronic Commerce (LSSI-CE) of 11 July, the following general information data of this website are provided below: The ownership of this website, www.calabasashomes.es, (hereinafter, Website) is held [&hellip;]\" \/>\n<meta property=\"og:url\" content=\"https:\/\/calabasashomes.es\/en\/legal-notice\/\" \/>\n<meta property=\"og:site_name\" content=\"Calabasas Home\" \/>\n<meta property=\"article:modified_time\" content=\"2023-07-10T21:29:53+00:00\" \/>\n<meta name=\"twitter:card\" content=\"summary_large_image\" \/>\n<meta name=\"twitter:label1\" content=\"Est. reading time\" \/>\n\t<meta name=\"twitter:data1\" content=\"4 minutes\" \/>\n<script type=\"application\/ld+json\" class=\"yoast-schema-graph\">{\"@context\":\"https:\/\/schema.org\",\"@graph\":[{\"@type\":\"WebPage\",\"@id\":\"https:\/\/calabasashomes.es\/en\/legal-notice\/\",\"url\":\"https:\/\/calabasashomes.es\/en\/legal-notice\/\",\"name\":\"Legal Notice - Calabasas Home\",\"isPartOf\":{\"@id\":\"https:\/\/calabasashomes.es\/#website\"},\"datePublished\":\"2023-05-08T07:05:31+00:00\",\"dateModified\":\"2023-07-10T21:29:53+00:00\",\"breadcrumb\":{\"@id\":\"https:\/\/calabasashomes.es\/en\/legal-notice\/#breadcrumb\"},\"inLanguage\":\"en-US\",\"potentialAction\":[{\"@type\":\"ReadAction\",\"target\":[\"https:\/\/calabasashomes.es\/en\/legal-notice\/\"]}]},{\"@type\":\"BreadcrumbList\",\"@id\":\"https:\/\/calabasashomes.es\/en\/legal-notice\/#breadcrumb\",\"itemListElement\":[{\"@type\":\"ListItem\",\"position\":1,\"name\":\"Inicio\",\"item\":\"https:\/\/calabasashomes.es\/\"},{\"@type\":\"ListItem\",\"position\":2,\"name\":\"Legal Notice\"}]},{\"@type\":\"WebSite\",\"@id\":\"https:\/\/calabasashomes.es\/#website\",\"url\":\"https:\/\/calabasashomes.es\/\",\"name\":\"Calabasas Home\",\"description\":\"Promociones residenciales\",\"potentialAction\":[{\"@type\":\"SearchAction\",\"target\":{\"@type\":\"EntryPoint\",\"urlTemplate\":\"https:\/\/calabasashomes.es\/?s={search_term_string}\"},\"query-input\":\"required name=search_term_string\"}],\"inLanguage\":\"en-US\"}]}<\/script>\n<!-- \/ Yoast SEO plugin. -->","yoast_head_json":{"title":"Legal Notice - Calabasas Home","robots":{"index":"index","follow":"follow","max-snippet":"max-snippet:-1","max-image-preview":"max-image-preview:large","max-video-preview":"max-video-preview:-1"},"canonical":"https:\/\/calabasashomes.es\/en\/legal-notice\/","og_locale":"en_US","og_type":"article","og_title":"Legal Notice - Calabasas Home","og_description":"LEGAL NOTICE AND GENERAL CONDITIONS OF USEwww.calabasashomes.esI. GENERAL INFORMATION In compliance with the duty of information provided in the Law 34\/2002 of Services of the Information Society and Electronic Commerce (LSSI-CE) of 11 July, the following general information data of this website are provided below: The ownership of this website, www.calabasashomes.es, (hereinafter, Website) is held [&hellip;]","og_url":"https:\/\/calabasashomes.es\/en\/legal-notice\/","og_site_name":"Calabasas Home","article_modified_time":"2023-07-10T21:29:53+00:00","twitter_card":"summary_large_image","twitter_misc":{"Est. reading time":"4 minutes"},"schema":{"@context":"https:\/\/schema.org","@graph":[{"@type":"WebPage","@id":"https:\/\/calabasashomes.es\/en\/legal-notice\/","url":"https:\/\/calabasashomes.es\/en\/legal-notice\/","name":"Legal Notice - Calabasas Home","isPartOf":{"@id":"https:\/\/calabasashomes.es\/#website"},"datePublished":"2023-05-08T07:05:31+00:00","dateModified":"2023-07-10T21:29:53+00:00","breadcrumb":{"@id":"https:\/\/calabasashomes.es\/en\/legal-notice\/#breadcrumb"},"inLanguage":"en-US","potentialAction":[{"@type":"ReadAction","target":["https:\/\/calabasashomes.es\/en\/legal-notice\/"]}]},{"@type":"BreadcrumbList","@id":"https:\/\/calabasashomes.es\/en\/legal-notice\/#breadcrumb","itemListElement":[{"@type":"ListItem","position":1,"name":"Inicio","item":"https:\/\/calabasashomes.es\/"},{"@type":"ListItem","position":2,"name":"Legal Notice"}]},{"@type":"WebSite","@id":"https:\/\/calabasashomes.es\/#website","url":"https:\/\/calabasashomes.es\/","name":"Calabasas Home","description":"Promociones residenciales","potentialAction":[{"@type":"SearchAction","target":{"@type":"EntryPoint","urlTemplate":"https:\/\/calabasashomes.es\/?s={search_term_string}"},"query-input":"required name=search_term_string"}],"inLanguage":"en-US"}]}},"_links":{"self":[{"href":"https:\/\/calabasashomes.es\/en\/wp-json\/wp\/v2\/pages\/960","targetHints":{"allow":["GET"]}}],"collection":[{"href":"https:\/\/calabasashomes.es\/en\/wp-json\/wp\/v2\/pages"}],"about":[{"href":"https:\/\/calabasashomes.es\/en\/wp-json\/wp\/v2\/types\/page"}],"author":[{"embeddable":true,"href":"https:\/\/calabasashomes.es\/en\/wp-json\/wp\/v2\/users\/1"}],"replies":[{"embeddable":true,"href":"https:\/\/calabasashomes.es\/en\/wp-json\/wp\/v2\/comments?post=960"}],"version-history":[{"count":3,"href":"https:\/\/calabasashomes.es\/en\/wp-json\/wp\/v2\/pages\/960\/revisions"}],"predecessor-version":[{"id":963,"href":"https:\/\/calabasashomes.es\/en\/wp-json\/wp\/v2\/pages\/960\/revisions\/963"}],"wp:attachment":[{"href":"https:\/\/calabasashomes.es\/en\/wp-json\/wp\/v2\/media?parent=960"}],"curies":[{"name":"wp","href":"https:\/\/api.w.org\/{rel}","templated":true}]}}